{"id":63,"date":"2025-10-31T13:12:53","date_gmt":"2025-10-31T13:12:53","guid":{"rendered":"https:\/\/sitenovo.viggo.digital\/?page_id=63"},"modified":"2025-11-26T14:00:51","modified_gmt":"2025-11-26T14:00:51","slug":"sobre-nos","status":"publish","type":"page","link":"https:\/\/sitenovo.viggo.digital\/index.php\/sobre-nos\/","title":{"rendered":"SOBRE N\u00d3S"},"content":{"rendered":"\t\t<div data-elementor-type=\"wp-page\" data-elementor-id=\"63\" class=\"elementor elementor-63\" data-elementor-post-type=\"page\">\n\t\t\t\t\t\t<section class=\"elementor-section elementor-top-section elementor-element elementor-element-66f5c64 elementor-section-content-middle elementor-section-boxed elementor-section-height-default elementor-section-height-default\" data-id=\"66f5c64\" data-element_type=\"section\" data-settings=\"{&quot;background_background&quot;:&quot;classic&quot;}\">\n\t\t\t\t\t\t\t<div class=\"elementor-background-overlay\"><\/div>\n\t\t\t\t\t\t\t<div class=\"elementor-container elementor-column-gap-default\">\n\t\t\t\t\t<div class=\"elementor-column elementor-col-100 elementor-top-column elementor-element elementor-element-2febc600 elementor-invisible\" data-id=\"2febc600\" data-element_type=\"column\" data-settings=\"{&quot;animation&quot;:&quot;fadeInLeft&quot;}\">\n\t\t\t<div class=\"elementor-widget-wrap elementor-element-populated\">\n\t\t\t\t\t\t<div class=\"elementor-element elementor-element-5f1ee458 elementor-widget elementor-widget-heading\" data-id=\"5f1ee458\" data-element_type=\"widget\" data-widget_type=\"heading.default\">\n\t\t\t\t\t<h6 class=\"elementor-heading-title elementor-size-default\">SOBRE N\u00d3S<\/h6>\t\t\t\t<\/div>\n\t\t\t\t\t<\/div>\n\t\t<\/div>\n\t\t\t\t\t<\/div>\n\t\t<\/section>\n\t\t\t\t<section class=\"elementor-section elementor-top-section elementor-element elementor-element-698ce9c5 elementor-section-boxed elementor-section-height-default elementor-section-height-default\" data-id=\"698ce9c5\" data-element_type=\"section\">\n\t\t\t\t\t\t\t<div class=\"elementor-background-overlay\"><\/div>\n\t\t\t\t\t\t\t<div class=\"elementor-container elementor-column-gap-default\">\n\t\t\t\t\t<div class=\"elementor-column elementor-col-100 elementor-top-column elementor-element elementor-element-29f3a82d\" data-id=\"29f3a82d\" data-element_type=\"column\">\n\t\t\t<div class=\"elementor-widget-wrap elementor-element-populated\">\n\t\t\t\t\t\t<div class=\"elementor-element elementor-element-5b4bd4e5 elementor-widget elementor-widget-video\" data-id=\"5b4bd4e5\" data-element_type=\"widget\" data-settings=\"{&quot;youtube_url&quot;:&quot;https:\\\/\\\/youtu.be\\\/9htj4JqUVZg&quot;,&quot;lazy_load&quot;:&quot;yes&quot;,&quot;show_image_overlay&quot;:&quot;yes&quot;,&quot;image_overlay&quot;:{&quot;url&quot;:&quot;&quot;,&quot;id&quot;:&quot;&quot;,&quot;size&quot;:&quot;&quot;},&quot;video_type&quot;:&quot;youtube&quot;,&quot;controls&quot;:&quot;yes&quot;}\" data-widget_type=\"video.default\">\n\t\t\t\t\t\t\t<div class=\"elementor-wrapper elementor-open-inline\">\n\t\t\t<div class=\"elementor-video\"><\/div>\t\t<\/div>\n\t\t\t\t\t\t<\/div>\n\t\t\t\t\t<\/div>\n\t\t<\/div>\n\t\t\t\t\t<\/div>\n\t\t<\/section>\n\t\t\t\t<section class=\"elementor-section elementor-top-section elementor-element elementor-element-289f1474 elementor-section-content-middle elementor-section-boxed elementor-section-height-default elementor-section-height-default\" data-id=\"289f1474\" data-element_type=\"section\" data-settings=\"{&quot;background_background&quot;:&quot;classic&quot;}\">\n\t\t\t\t\t\t\t<div class=\"elementor-background-overlay\"><\/div>\n\t\t\t\t\t\t\t<div class=\"elementor-container elementor-column-gap-default\">\n\t\t\t\t\t<div class=\"elementor-column elementor-col-33 elementor-top-column elementor-element elementor-element-3930ad7d\" data-id=\"3930ad7d\" data-element_type=\"column\">\n\t\t\t<div class=\"elementor-widget-wrap elementor-element-populated\">\n\t\t\t\t\t\t<section class=\"elementor-section elementor-inner-section elementor-element elementor-element-70ae31d2 elementor-section-boxed elementor-section-height-default elementor-section-height-default\" data-id=\"70ae31d2\" data-element_type=\"section\">\n\t\t\t\t\t\t<div class=\"elementor-container elementor-column-gap-default\">\n\t\t\t\t\t<div class=\"elementor-column elementor-col-100 elementor-inner-column elementor-element elementor-element-576ab102\" data-id=\"576ab102\" data-element_type=\"column\" data-settings=\"{&quot;background_background&quot;:&quot;classic&quot;}\">\n\t\t\t<div class=\"elementor-widget-wrap elementor-element-populated\">\n\t\t\t\t\t\t<div class=\"elementor-element elementor-element-5f7e833b elementor-widget__width-initial elementor-widget elementor-widget-heading\" data-id=\"5f7e833b\" data-element_type=\"widget\" data-widget_type=\"heading.default\">\n\t\t\t\t\t<h3 class=\"elementor-heading-title elementor-size-default\">Um pouco sobre n\u00f3s\n<\/h3>\t\t\t\t<\/div>\n\t\t\t\t<div class=\"elementor-element elementor-element-24e959ca elementor-widget-divider--view-line_icon elementor-widget__width-initial elementor-view-default elementor-widget-divider--element-align-center elementor-widget elementor-widget-divider\" data-id=\"24e959ca\" data-element_type=\"widget\" data-widget_type=\"divider.default\">\n\t\t\t\t\t\t\t<div class=\"elementor-divider\">\n\t\t\t<span class=\"elementor-divider-separator\">\n\t\t\t\t\t\t\t<div class=\"elementor-icon elementor-divider__element\">\n\t\t\t\t\t<svg aria-hidden=\"true\" class=\"e-font-icon-svg e-far-bookmark\" viewBox=\"0 0 384 512\" xmlns=\"http:\/\/www.w3.org\/2000\/svg\"><path d=\"M336 0H48C21.49 0 0 21.49 0 48v464l192-112 192 112V48c0-26.51-21.49-48-48-48zm0 428.43l-144-84-144 84V54a6 6 0 0 1 6-6h276c3.314 0 6 2.683 6 5.996V428.43z\"><\/path><\/svg><\/div>\n\t\t\t\t\t\t<\/span>\n\t\t<\/div>\n\t\t\t\t\t\t<\/div>\n\t\t\t\t<div class=\"elementor-element elementor-element-4b880bd6 elementor-widget__width-initial elementor-widget elementor-widget-text-editor\" data-id=\"4b880bd6\" data-element_type=\"widget\" data-widget_type=\"text-editor.default\">\n\t\t\t\t\t\t\t\t\t<h4><em>Nossa Miss\u00e3o \u00e9 ser refer\u00eancia em solu\u00e7\u00f5es Inovadoras de automa\u00e7\u00e3o da Gest\u00e3o Empresarial<\/em><\/h4>\t\t\t\t\t\t\t\t<\/div>\n\t\t\t\t\t<\/div>\n\t\t<\/div>\n\t\t\t\t\t<\/div>\n\t\t<\/section>\n\t\t\t\t\t<\/div>\n\t\t<\/div>\n\t\t\t\t<div class=\"elementor-column elementor-col-33 elementor-top-column elementor-element elementor-element-baa2177\" data-id=\"baa2177\" data-element_type=\"column\">\n\t\t\t<div class=\"elementor-widget-wrap elementor-element-populated\">\n\t\t\t\t\t\t<div class=\"elementor-element elementor-element-21a7a9de elementor-widget__width-initial elementor-widget elementor-widget-image\" data-id=\"21a7a9de\" data-element_type=\"widget\" data-widget_type=\"image.default\">\n\t\t\t\t\t\t\t\t\t\t\t\t\t\t\t<img fetchpriority=\"high\" decoding=\"async\" width=\"544\" height=\"900\" src=\"https:\/\/sitenovo.viggo.digital\/wp-content\/uploads\/2025\/11\/foto-ceos-1.jpg\" class=\"attachment-full size-full wp-image-804\" alt=\"\" srcset=\"https:\/\/sitenovo.viggo.digital\/wp-content\/uploads\/2025\/11\/foto-ceos-1.jpg 544w, https:\/\/sitenovo.viggo.digital\/wp-content\/uploads\/2025\/11\/foto-ceos-1-181x300.jpg 181w\" sizes=\"(max-width: 544px) 100vw, 544px\" \/>\t\t\t\t\t\t\t\t\t\t\t\t\t\t\t<\/div>\n\t\t\t\t\t<\/div>\n\t\t<\/div>\n\t\t\t\t<div class=\"elementor-column elementor-col-33 elementor-top-column elementor-element elementor-element-7942a292\" data-id=\"7942a292\" data-element_type=\"column\" data-settings=\"{&quot;background_background&quot;:&quot;classic&quot;}\">\n\t\t\t<div class=\"elementor-widget-wrap elementor-element-populated\">\n\t\t\t\t\t\t<div class=\"elementor-element elementor-element-77184078 elementor-widget elementor-widget-heading\" data-id=\"77184078\" data-element_type=\"widget\" data-widget_type=\"heading.default\">\n\t\t\t\t\t<h2 class=\"elementor-heading-title elementor-size-default\">Beneficios III<\/h2>\t\t\t\t<\/div>\n\t\t\t\t<div class=\"elementor-element elementor-element-91b703f elementor-widget elementor-widget-text-editor\" data-id=\"91b703f\" data-element_type=\"widget\" data-widget_type=\"text-editor.default\">\n\t\t\t\t\t\t\t\t\t<p>A Viggo Sistemas, empresa com 14 anos de atua\u00e7\u00e3o no mercado de desenvolvimento de software personalizados, tem o prazer de compartilhar sua hist\u00f3ria de sucesso e credibilidade. Sediada na cidade de Caic\u00f3\/RN, a Viggo Sistemas possui uma certifica\u00e7\u00e3o GPTW (Melhores Empresas Para se Trabalhar) e tem se destacado pela sua cont\u00ednua expans\u00e3o e excel\u00eancia em seu segmento. Ao longo de sua trajet\u00f3ria, a Viggo Sistemas conquistou a confian\u00e7a de mais de 1200 clientes em 13 estados do pa\u00eds. Nossa equipe dedicada cria solu\u00e7\u00f5es tecnol\u00f3gicas de ponta, incluindo desenvolvimento de software, aplicativos, sites, consultorias, meios de pagamentos, marketing, resultados digitais, homologa\u00e7\u00e3o de certificado digital e assist\u00eancia t\u00e9cnica. Buscamos sempre aprimorar a qualidade dos nossos servi\u00e7os e a satisfa\u00e7\u00e3o do cliente como nossos principais objetivos.<\/p>\t\t\t\t\t\t\t\t<\/div>\n\t\t\t\t\t<\/div>\n\t\t<\/div>\n\t\t\t\t\t<\/div>\n\t\t<\/section>\n\t\t\t\t<section class=\"elementor-section elementor-top-section elementor-element elementor-element-eba35b5 elementor-section-boxed elementor-section-height-default elementor-section-height-default\" data-id=\"eba35b5\" data-element_type=\"section\" data-settings=\"{&quot;background_background&quot;:&quot;gradient&quot;}\">\n\t\t\t\t\t\t\t<div class=\"elementor-background-overlay\"><\/div>\n\t\t\t\t\t\t\t<div class=\"elementor-container elementor-column-gap-default\">\n\t\t\t\t\t<div class=\"elementor-column elementor-col-100 elementor-top-column elementor-element elementor-element-4eb90da1 elementor-invisible\" data-id=\"4eb90da1\" data-element_type=\"column\" data-settings=\"{&quot;animation&quot;:&quot;bounceInDown&quot;}\">\n\t\t\t<div class=\"elementor-widget-wrap elementor-element-populated\">\n\t\t\t\t\t\t<div class=\"elementor-element elementor-element-4bdae76 elementor-widget elementor-widget-heading\" data-id=\"4bdae76\" data-element_type=\"widget\" data-widget_type=\"heading.default\">\n\t\t\t\t\t<h1 class=\"elementor-heading-title elementor-size-default\">Empresa reconhecida em 2022\/2023 com o selo Great Place To Work\u00ae, estando dentro do ranking de melhores empresas para se trabalhar no RN!<\/h1>\t\t\t\t<\/div>\n\t\t\t\t<div class=\"elementor-element elementor-element-120bd208 elementor-widget elementor-widget-text-editor\" data-id=\"120bd208\" data-element_type=\"widget\" data-widget_type=\"text-editor.default\">\n\t\t\t\t\t\t\t\t\t<p><strong>Acima da m\u00e9dia nos quesitos:\u00a0<br \/><br \/>\u2013 Credibilidade;<br \/>\u2013 Respeito;<br \/>\u2013 Imparcialidade;<br \/>\u2013 Camaradagem;<br \/>\u2013 Orgulho<br \/><\/strong><\/p>\t\t\t\t\t\t\t\t<\/div>\n\t\t\t\t<div class=\"elementor-element elementor-element-17237b23 elementor-align-center elementor-widget elementor-widget-button\" data-id=\"17237b23\" data-element_type=\"widget\" data-widget_type=\"button.default\">\n\t\t\t\t\t\t\t\t\t\t<a class=\"elementor-button elementor-button-link elementor-size-md\" href=\"#\">\n\t\t\t\t\t\t<span class=\"elementor-button-content-wrapper\">\n\t\t\t\t\t\t\t\t\t<span class=\"elementor-button-text\">Quero ajuda de um consultor<\/span>\n\t\t\t\t\t<\/span>\n\t\t\t\t\t<\/a>\n\t\t\t\t\t\t\t\t<\/div>\n\t\t\t\t\t<\/div>\n\t\t<\/div>\n\t\t\t\t\t<\/div>\n\t\t<\/section>\n\t\t\t\t<section class=\"elementor-section elementor-top-section elementor-element elementor-element-555f26b9 elementor-section-boxed elementor-section-height-default elementor-section-height-default\" data-id=\"555f26b9\" data-element_type=\"section\" data-settings=\"{&quot;background_background&quot;:&quot;classic&quot;}\">\n\t\t\t\t\t\t\t<div class=\"elementor-background-overlay\"><\/div>\n\t\t\t\t\t\t\t<div class=\"elementor-container elementor-column-gap-default\">\n\t\t\t\t\t<div class=\"elementor-column elementor-col-50 elementor-top-column elementor-element elementor-element-3ea76e19\" data-id=\"3ea76e19\" data-element_type=\"column\">\n\t\t\t<div class=\"elementor-widget-wrap elementor-element-populated\">\n\t\t\t\t\t\t<div class=\"elementor-element elementor-element-76e578bf elementor-widget__width-initial elementor-widget elementor-widget-heading\" data-id=\"76e578bf\" data-element_type=\"widget\" data-widget_type=\"heading.default\">\n\t\t\t\t\t<h2 class=\"elementor-heading-title elementor-size-default\">Estamos em 14 estados, e \u00e9 s\u00f3 o come\u00e7o!\n\n<\/h2>\t\t\t\t<\/div>\n\t\t\t\t<div class=\"elementor-element elementor-element-72d8c719 elementor-widget__width-initial elementor-widget elementor-widget-text-editor\" data-id=\"72d8c719\" data-element_type=\"widget\" data-widget_type=\"text-editor.default\">\n\t\t\t\t\t\t\t\t\t<p>A Viggo Sistemas \u00e9 uma empresa pioneira nas presta\u00e7\u00e3o de servi\u00e7os de tecnologia, nascida em Caic\u00f3-RN e hoje integrada no mercado de v\u00e1rios estados brasileiros. Levando solu\u00e7\u00f5es para in\u00fameras empresas, auxiliando no gerenciamento e organiza\u00e7\u00e3o, e com excel\u00eancia na qualidade dos servi\u00e7os!<\/p>\t\t\t\t\t\t\t\t<\/div>\n\t\t\t\t<div class=\"elementor-element elementor-element-d4f41b9 elementor-widget elementor-widget-text-editor\" data-id=\"d4f41b9\" data-element_type=\"widget\" data-widget_type=\"text-editor.default\">\n\t\t\t\t\t\t\t\t\t<ul><li><strong>Amazonas<\/strong><\/li><li><strong>Par\u00e1<\/strong><\/li><li><strong>Mato Grosso<\/strong><\/li><li><strong>Maranh\u00e3o<\/strong><\/li><li><strong>Cear\u00e1<\/strong><\/li><li><strong>Rio Grande do Norte<\/strong><\/li><li><strong>Alagoas<br \/><\/strong><\/li><li><strong>Pernambuco<\/strong><\/li><li><strong>Bahia<\/strong><\/li><li><strong>S\u00e3o Paulo<\/strong><\/li><li><strong>Rond\u00f4nia<\/strong><\/li><li><strong>Roraima<\/strong><\/li><li><strong>Para\u00edba<\/strong><\/li><\/ul>\t\t\t\t\t\t\t\t<\/div>\n\t\t\t\t\t<\/div>\n\t\t<\/div>\n\t\t\t\t<div class=\"elementor-column elementor-col-50 elementor-top-column elementor-element elementor-element-5067c5df\" data-id=\"5067c5df\" data-element_type=\"column\">\n\t\t\t<div class=\"elementor-widget-wrap elementor-element-populated\">\n\t\t\t\t\t\t<div class=\"elementor-element elementor-element-2015220f elementor-widget elementor-widget-image\" data-id=\"2015220f\" data-element_type=\"widget\" data-widget_type=\"image.default\">\n\t\t\t\t\t\t\t\t\t\t\t\t\t\t\t<img decoding=\"async\" width=\"468\" height=\"429\" src=\"https:\/\/sitenovo.viggo.digital\/wp-content\/uploads\/2025\/11\/mapa-viggo-1.jpg\" class=\"attachment-full size-full wp-image-812\" alt=\"\" srcset=\"https:\/\/sitenovo.viggo.digital\/wp-content\/uploads\/2025\/11\/mapa-viggo-1.jpg 468w, https:\/\/sitenovo.viggo.digital\/wp-content\/uploads\/2025\/11\/mapa-viggo-1-300x275.jpg 300w\" sizes=\"(max-width: 468px) 100vw, 468px\" \/>\t\t\t\t\t\t\t\t\t\t\t\t\t\t\t<\/div>\n\t\t\t\t\t<\/div>\n\t\t<\/div>\n\t\t\t\t\t<\/div>\n\t\t<\/section>\n\t\t\t\t<section class=\"elementor-section elementor-top-section elementor-element elementor-element-3133c26 elementor-section-boxed elementor-section-height-default elementor-section-height-default\" data-id=\"3133c26\" data-element_type=\"section\" data-settings=\"{&quot;background_background&quot;:&quot;classic&quot;}\">\n\t\t\t\t\t\t<div class=\"elementor-container elementor-column-gap-default\">\n\t\t\t\t\t<div class=\"elementor-column elementor-col-100 elementor-top-column elementor-element elementor-element-13054725\" data-id=\"13054725\" data-element_type=\"column\">\n\t\t\t<div class=\"elementor-widget-wrap elementor-element-populated\">\n\t\t\t\t\t\t<section class=\"elementor-section elementor-inner-section elementor-element elementor-element-352b0d8c elementor-section-boxed elementor-section-height-default elementor-section-height-default\" data-id=\"352b0d8c\" data-element_type=\"section\">\n\t\t\t\t\t\t<div class=\"elementor-container elementor-column-gap-default\">\n\t\t\t\t\t<div class=\"elementor-column elementor-col-100 elementor-inner-column elementor-element elementor-element-477ce6d4\" data-id=\"477ce6d4\" data-element_type=\"column\">\n\t\t\t<div class=\"elementor-widget-wrap elementor-element-populated\">\n\t\t\t\t\t\t<div class=\"elementor-element elementor-element-6f3538f3 elementor-widget elementor-widget-heading\" data-id=\"6f3538f3\" data-element_type=\"widget\" data-widget_type=\"heading.default\">\n\t\t\t\t\t<h6 class=\"elementor-heading-title elementor-size-default\">Nossos Cases de Sucesso<\/h6>\t\t\t\t<\/div>\n\t\t\t\t<div class=\"elementor-element elementor-element-53abd7bf elementor-headline--style-highlight elementor-widget elementor-widget-animated-headline\" data-id=\"53abd7bf\" data-element_type=\"widget\" data-settings=\"{&quot;marker&quot;:&quot;underline&quot;,&quot;highlighted_text&quot;:&quot;Parceiras&quot;,&quot;headline_style&quot;:&quot;highlight&quot;,&quot;loop&quot;:&quot;yes&quot;,&quot;highlight_animation_duration&quot;:1200,&quot;highlight_iteration_delay&quot;:8000}\" data-widget_type=\"animated-headline.default\">\n\t\t\t\t\t\t\t<h2 class=\"elementor-headline\">\n\t\t\t\t\t<span class=\"elementor-headline-plain-text elementor-headline-text-wrapper\">Mais de 1000 empresas <\/span>\n\t\t\t\t<span class=\"elementor-headline-dynamic-wrapper elementor-headline-text-wrapper\">\n\t\t\t\t\t<span class=\"elementor-headline-dynamic-text elementor-headline-text-active\">Parceiras<\/span>\n\t\t\t\t<\/span>\n\t\t\t\t<\/h2>\n\t\t\t\t\t\t<\/div>\n\t\t\t\t\t<\/div>\n\t\t<\/div>\n\t\t\t\t\t<\/div>\n\t\t<\/section>\n\t\t\t\t<section class=\"elementor-section elementor-inner-section elementor-element elementor-element-30be0aba elementor-section-boxed elementor-section-height-default elementor-section-height-default\" data-id=\"30be0aba\" data-element_type=\"section\">\n\t\t\t\t\t\t<div class=\"elementor-container elementor-column-gap-default\">\n\t\t\t\t\t<div class=\"elementor-column elementor-col-20 elementor-inner-column elementor-element elementor-element-2ecdb498\" data-id=\"2ecdb498\" data-element_type=\"column\">\n\t\t\t<div class=\"elementor-widget-wrap elementor-element-populated\">\n\t\t\t\t\t\t<div class=\"elementor-element elementor-element-6e3acc56 elementor-widget elementor-widget-image\" data-id=\"6e3acc56\" data-element_type=\"widget\" data-widget_type=\"image.default\">\n\t\t\t\t\t\t\t\t\t\t\t\t\t\t\t<img decoding=\"async\" src=\"https:\/\/sitenovo.viggo.digital\/wp-content\/uploads\/elementor\/thumbs\/fox-hub-1-re0qqwt3ut809w950oj34n7rktjpohqi6adoo2yku8.png\" title=\"fox-hub-1.png\" alt=\"fox-hub-1.png\" loading=\"lazy\" \/>\t\t\t\t\t\t\t\t\t\t\t\t\t\t\t<\/div>\n\t\t\t\t\t<\/div>\n\t\t<\/div>\n\t\t\t\t<div class=\"elementor-column elementor-col-20 elementor-inner-column elementor-element elementor-element-29188a7a\" data-id=\"29188a7a\" data-element_type=\"column\">\n\t\t\t<div class=\"elementor-widget-wrap elementor-element-populated\">\n\t\t\t\t\t\t<div class=\"elementor-element elementor-element-f9e79be elementor-widget elementor-widget-image\" data-id=\"f9e79be\" data-element_type=\"widget\" data-widget_type=\"image.default\">\n\t\t\t\t\t\t\t\t\t\t\t\t\t\t\t<img decoding=\"async\" src=\"https:\/\/sitenovo.viggo.digital\/wp-content\/uploads\/elementor\/thumbs\/zoo-tv-re0qqzmmfbbv8q51k7qyu4i5cz5tbl1p6oc53wuebk.png\" title=\"zoo-tv.png\" alt=\"zoo-tv.png\" loading=\"lazy\" \/>\t\t\t\t\t\t\t\t\t\t\t\t\t\t\t<\/div>\n\t\t\t\t\t<\/div>\n\t\t<\/div>\n\t\t\t\t<div class=\"elementor-column elementor-col-20 elementor-inner-column elementor-element elementor-element-5354e2c2\" data-id=\"5354e2c2\" data-element_type=\"column\">\n\t\t\t<div class=\"elementor-widget-wrap elementor-element-populated\">\n\t\t\t\t\t\t<div class=\"elementor-element elementor-element-c1ce71 elementor-widget elementor-widget-image\" data-id=\"c1ce71\" data-element_type=\"widget\" data-widget_type=\"image.default\">\n\t\t\t\t\t\t\t\t\t\t\t\t\t\t\t<img decoding=\"async\" src=\"https:\/\/sitenovo.viggo.digital\/wp-content\/uploads\/elementor\/thumbs\/treva-1-re0qr1iaszefvy2b98k7z412jqwjqz95uxn42grlz4.png\" title=\"treva-1.png\" alt=\"treva-1.png\" loading=\"lazy\" \/>\t\t\t\t\t\t\t\t\t\t\t\t\t\t\t<\/div>\n\t\t\t\t\t<\/div>\n\t\t<\/div>\n\t\t\t\t<div class=\"elementor-column elementor-col-20 elementor-inner-column elementor-element elementor-element-bd9d6f4\" data-id=\"bd9d6f4\" data-element_type=\"column\">\n\t\t\t<div class=\"elementor-widget-wrap elementor-element-populated\">\n\t\t\t\t\t\t<div class=\"elementor-element elementor-element-53cc8c11 elementor-widget elementor-widget-image\" data-id=\"53cc8c11\" data-element_type=\"widget\" data-widget_type=\"image.default\">\n\t\t\t\t\t\t\t\t\t\t\t\t\t\t\t<img decoding=\"async\" src=\"https:\/\/sitenovo.viggo.digital\/wp-content\/uploads\/elementor\/thumbs\/muzica-re0qr3dz6nh0j5zky9dh43jzqina6dgmj6y310otmo.png\" title=\"muzica.png\" alt=\"muzica.png\" loading=\"lazy\" \/>\t\t\t\t\t\t\t\t\t\t\t\t\t\t\t<\/div>\n\t\t\t\t\t<\/div>\n\t\t<\/div>\n\t\t\t\t<div class=\"elementor-column elementor-col-20 elementor-inner-column elementor-element elementor-element-43c57bf8\" data-id=\"43c57bf8\" data-element_type=\"column\">\n\t\t\t<div class=\"elementor-widget-wrap elementor-element-populated\">\n\t\t\t\t\t\t<div class=\"elementor-element elementor-element-7bc90a8 elementor-widget elementor-widget-image\" data-id=\"7bc90a8\" data-element_type=\"widget\" data-widget_type=\"image.default\">\n\t\t\t\t\t\t\t\t\t\t\t\t\t\t\t<img decoding=\"async\" src=\"https:\/\/sitenovo.viggo.digital\/wp-content\/uploads\/elementor\/thumbs\/code-lab-re0qr59nkbjl6dwuna6q932wxae0lro37g91zkm1a8.png\" title=\"code-lab.png\" alt=\"code-lab.png\" loading=\"lazy\" \/>\t\t\t\t\t\t\t\t\t\t\t\t\t\t\t<\/div>\n\t\t\t\t\t<\/div>\n\t\t<\/div>\n\t\t\t\t\t<\/div>\n\t\t<\/section>\n\t\t\t\t<section class=\"elementor-section elementor-inner-section elementor-element elementor-element-2bcd8dfa elementor-section-boxed elementor-section-height-default elementor-section-height-default\" data-id=\"2bcd8dfa\" data-element_type=\"section\">\n\t\t\t\t\t\t<div class=\"elementor-container elementor-column-gap-default\">\n\t\t\t\t\t<div class=\"elementor-column elementor-col-25 elementor-inner-column elementor-element elementor-element-1bafe254\" data-id=\"1bafe254\" data-element_type=\"column\">\n\t\t\t<div class=\"elementor-widget-wrap elementor-element-populated\">\n\t\t\t\t\t\t<div class=\"elementor-element elementor-element-143ae65e elementor-widget elementor-widget-image\" data-id=\"143ae65e\" data-element_type=\"widget\" data-widget_type=\"image.default\">\n\t\t\t\t\t\t\t\t\t\t\t\t\t\t\t<img decoding=\"async\" src=\"https:\/\/sitenovo.viggo.digital\/wp-content\/uploads\/elementor\/thumbs\/earth-2.0-re0qr75bxzm5tlu4cazze2lu424r15vjvpk0y4j8xs.png\" title=\"earth-2.0.png\" alt=\"earth-2.0.png\" loading=\"lazy\" \/>\t\t\t\t\t\t\t\t\t\t\t\t\t\t\t<\/div>\n\t\t\t\t\t<\/div>\n\t\t<\/div>\n\t\t\t\t<div class=\"elementor-column elementor-col-25 elementor-inner-column elementor-element elementor-element-13072934\" data-id=\"13072934\" data-element_type=\"column\">\n\t\t\t<div class=\"elementor-widget-wrap elementor-element-populated\">\n\t\t\t\t\t\t<div class=\"elementor-element elementor-element-5bc744b2 elementor-widget elementor-widget-image\" data-id=\"5bc744b2\" data-element_type=\"widget\" data-widget_type=\"image.default\">\n\t\t\t\t\t\t\t\t\t\t\t\t\t\t\t<img decoding=\"async\" src=\"https:\/\/sitenovo.viggo.digital\/wp-content\/uploads\/elementor\/thumbs\/asgardia-re0qr9yuihq0sfq0vu7v3jw7w7quo96qw3ihdyf2f4.png\" title=\"asgardia.png\" alt=\"asgardia.png\" loading=\"lazy\" \/>\t\t\t\t\t\t\t\t\t\t\t\t\t\t\t<\/div>\n\t\t\t\t\t<\/div>\n\t\t<\/div>\n\t\t\t\t<div class=\"elementor-column elementor-col-25 elementor-inner-column elementor-element elementor-element-2b19421\" data-id=\"2b19421\" data-element_type=\"column\">\n\t\t\t<div class=\"elementor-widget-wrap elementor-element-populated\">\n\t\t\t\t\t\t<div class=\"elementor-element elementor-element-211761d4 elementor-widget elementor-widget-image\" data-id=\"211761d4\" data-element_type=\"widget\" data-widget_type=\"image.default\">\n\t\t\t\t\t\t\t\t\t\t\t\t\t\t\t<img decoding=\"async\" src=\"https:\/\/sitenovo.viggo.digital\/wp-content\/uploads\/elementor\/thumbs\/velocity-9-re0qrbuiw5slfnnakv148jf52zhl3ne7kctgcica2o.png\" title=\"velocity-9.png\" alt=\"velocity-9.png\" loading=\"lazy\" \/>\t\t\t\t\t\t\t\t\t\t\t\t\t\t\t<\/div>\n\t\t\t\t\t<\/div>\n\t\t<\/div>\n\t\t\t\t<div class=\"elementor-column elementor-col-25 elementor-inner-column elementor-element elementor-element-457e4d5f\" data-id=\"457e4d5f\" data-element_type=\"column\">\n\t\t\t<div class=\"elementor-widget-wrap elementor-element-populated\">\n\t\t\t\t\t\t<div class=\"elementor-element elementor-element-4546633 elementor-widget elementor-widget-image\" data-id=\"4546633\" data-element_type=\"widget\" data-widget_type=\"image.default\">\n\t\t\t\t\t\t\t\t\t\t\t\t\t\t\t<img decoding=\"async\" src=\"https:\/\/sitenovo.viggo.digital\/wp-content\/uploads\/elementor\/thumbs\/goldline-re0qrdq79tv62vkk9vuddiy29r8bj1lo8m4fb29hq8.png\" title=\"goldline.png\" alt=\"goldline.png\" loading=\"lazy\" \/>\t\t\t\t\t\t\t\t\t\t\t\t\t\t\t<\/div>\n\t\t\t\t\t<\/div>\n\t\t<\/div>\n\t\t\t\t\t<\/div>\n\t\t<\/section>\n\t\t\t\t\t<\/div>\n\t\t<\/div>\n\t\t\t\t\t<\/div>\n\t\t<\/section>\n\t\t\t\t<\/div>\n\t\t","protected":false},"excerpt":{"rendered":"<p>https:\/\/youtu.be\/9htj4JqUVZg Um pouco sobre n\u00f3s Nossa Miss\u00e3o \u00e9 ser refer\u00eancia em solu\u00e7\u00f5es Inovadoras de automa\u00e7\u00e3o da Gest\u00e3o Empresarial Beneficios III A Viggo Sistemas, empresa com 14 anos de atua\u00e7\u00e3o no mercado de desenvolvimento de software personalizados, tem o prazer de compartilhar sua hist\u00f3ria de sucesso e credibilidade. Sediada na cidade de Caic\u00f3\/RN, a Viggo Sistemas [&hellip;]<\/p>\n","protected":false},"author":1,"featured_media":0,"parent":0,"menu_order":0,"comment_status":"closed","ping_status":"closed","template":"elementor_header_footer","meta":{"footnotes":""},"class_list":["post-63","page","type-page","status-publish","hentry"],"_links":{"self":[{"href":"https:\/\/sitenovo.viggo.digital\/index.php\/wp-json\/wp\/v2\/pages\/63","targetHints":{"allow":["GET"]}}],"collection":[{"href":"https:\/\/sitenovo.viggo.digital\/index.php\/wp-json\/wp\/v2\/pages"}],"about":[{"href":"https:\/\/sitenovo.viggo.digital\/index.php\/wp-json\/wp\/v2\/types\/page"}],"author":[{"embeddable":true,"href":"https:\/\/sitenovo.viggo.digital\/index.php\/wp-json\/wp\/v2\/users\/1"}],"replies":[{"embeddable":true,"href":"https:\/\/sitenovo.viggo.digital\/index.php\/wp-json\/wp\/v2\/comments?post=63"}],"version-history":[{"count":43,"href":"https:\/\/sitenovo.viggo.digital\/index.php\/wp-json\/wp\/v2\/pages\/63\/revisions"}],"predecessor-version":[{"id":827,"href":"https:\/\/sitenovo.viggo.digital\/index.php\/wp-json\/wp\/v2\/pages\/63\/revisions\/827"}],"wp:attachment":[{"href":"https:\/\/sitenovo.viggo.digital\/index.php\/wp-json\/wp\/v2\/media?parent=63"}],"curies":[{"name":"wp","href":"https:\/\/api.w.org\/{rel}","templated":true}]}}